{"id":467,"date":"2025-02-25T07:24:27","date_gmt":"2025-02-25T07:24:27","guid":{"rendered":"https:\/\/palackrzepice.pl\/?page_id=467"},"modified":"2025-02-25T07:24:29","modified_gmt":"2025-02-25T07:24:29","slug":"tworcy","status":"publish","type":"page","link":"https:\/\/palackrzepice.pl\/ro\/tworcy\/","title":{"rendered":"Creatori"},"content":{"rendered":"","protected":false},"excerpt":{"rendered":"","protected":false},"author":1,"featured_media":0,"parent":0,"menu_order":0,"comment_status":"closed","ping_status":"closed","template":"","meta":{"_acf_changed":false,"footnotes":""},"class_list":["post-467","page","type-page","status-publish","hentry"],"acf":[],"yoast_head":"<!-- This site is optimized with the Yoast SEO plugin v23.2 - https:\/\/yoast.com\/wordpress\/plugins\/seo\/ -->\n<title>Tw\u00f3rcy - palackrzepice.pl<\/title>\n<meta name=\"description\" content=\"Kim s\u0105 tw\u00f3rcy naszego bloga? Poznaj ekspert\u00f3w i mi\u0142o\u015bnik\u00f3w mody, kt\u00f3rzy inspiruj\u0105 i dziel\u0105 si\u0119 najnowszymi trendami!\" \/>\n<meta name=\"robots\" content=\"index, follow, max-snippet:-1, max-image-preview:large, max-video-preview:-1\" \/>\n<link rel=\"canonical\" href=\"https:\/\/palackrzepice.pl\/ro\/tworcy\/\" \/>\n<meta property=\"og:locale\" content=\"ro_RO\" \/>\n<meta property=\"og:type\" content=\"article\" \/>\n<meta property=\"og:title\" content=\"Tw\u00f3rcy - palackrzepice.pl\" \/>\n<meta property=\"og:description\" content=\"Kim s\u0105 tw\u00f3rcy naszego bloga? Poznaj ekspert\u00f3w i mi\u0142o\u015bnik\u00f3w mody, kt\u00f3rzy inspiruj\u0105 i dziel\u0105 si\u0119 najnowszymi trendami!\" \/>\n<meta property=\"og:url\" content=\"https:\/\/palackrzepice.pl\/ro\/tworcy\/\" \/>\n<meta property=\"og:site_name\" content=\"palackrzepice.pl\" \/>\n<meta property=\"article:modified_time\" content=\"2025-02-25T07:24:29+00:00\" \/>\n<meta name=\"twitter:card\" content=\"summary_large_image\" \/>\n<meta name=\"twitter:label1\" content=\"Timp estimat pentru citire\" \/>\n\t<meta name=\"twitter:data1\" content=\"1 minut\" \/>\n<script type=\"application\/ld+json\" class=\"yoast-schema-graph\">{\"@context\":\"https:\/\/schema.org\",\"@graph\":[{\"@type\":\"WebPage\",\"@id\":\"https:\/\/palackrzepice.pl\/tworcy\/\",\"url\":\"https:\/\/palackrzepice.pl\/tworcy\/\",\"name\":\"Tw\u00f3rcy - palackrzepice.pl\",\"isPartOf\":{\"@id\":\"https:\/\/palackrzepice.pl\/#website\"},\"datePublished\":\"2025-02-25T07:24:27+00:00\",\"dateModified\":\"2025-02-25T07:24:29+00:00\",\"description\":\"Kim s\u0105 tw\u00f3rcy naszego bloga? Poznaj ekspert\u00f3w i mi\u0142o\u015bnik\u00f3w mody, kt\u00f3rzy inspiruj\u0105 i dziel\u0105 si\u0119 najnowszymi trendami!\",\"breadcrumb\":{\"@id\":\"https:\/\/palackrzepice.pl\/tworcy\/#breadcrumb\"},\"inLanguage\":\"ro-RO\",\"potentialAction\":[{\"@type\":\"ReadAction\",\"target\":[\"https:\/\/palackrzepice.pl\/tworcy\/\"]}]},{\"@type\":\"BreadcrumbList\",\"@id\":\"https:\/\/palackrzepice.pl\/tworcy\/#breadcrumb\",\"itemListElement\":[{\"@type\":\"ListItem\",\"position\":1,\"name\":\"Home\",\"item\":\"https:\/\/palackrzepice.pl\/\"},{\"@type\":\"ListItem\",\"position\":2,\"name\":\"Tw\u00f3rcy\"}]},{\"@type\":\"WebSite\",\"@id\":\"https:\/\/palackrzepice.pl\/#website\",\"url\":\"https:\/\/palackrzepice.pl\/\",\"name\":\"palackrzepice.pl\",\"description\":\"Organizer na perfumy: porz\u0105dek i styl.\",\"potentialAction\":[{\"@type\":\"SearchAction\",\"target\":{\"@type\":\"EntryPoint\",\"urlTemplate\":\"https:\/\/palackrzepice.pl\/?s={search_term_string}\"},\"query-input\":\"required name=search_term_string\"}],\"inLanguage\":\"ro-RO\"}]}<\/script>\n<!-- \/ Yoast SEO plugin. -->","yoast_head_json":{"title":"Tw\u00f3rcy - palackrzepice.pl","description":"Kim s\u0105 tw\u00f3rcy naszego bloga? Poznaj ekspert\u00f3w i mi\u0142o\u015bnik\u00f3w mody, kt\u00f3rzy inspiruj\u0105 i dziel\u0105 si\u0119 najnowszymi trendami!","robots":{"index":"index","follow":"follow","max-snippet":"max-snippet:-1","max-image-preview":"max-image-preview:large","max-video-preview":"max-video-preview:-1"},"canonical":"https:\/\/palackrzepice.pl\/ro\/tworcy\/","og_locale":"ro_RO","og_type":"article","og_title":"Tw\u00f3rcy - palackrzepice.pl","og_description":"Kim s\u0105 tw\u00f3rcy naszego bloga? Poznaj ekspert\u00f3w i mi\u0142o\u015bnik\u00f3w mody, kt\u00f3rzy inspiruj\u0105 i dziel\u0105 si\u0119 najnowszymi trendami!","og_url":"https:\/\/palackrzepice.pl\/ro\/tworcy\/","og_site_name":"palackrzepice.pl","article_modified_time":"2025-02-25T07:24:29+00:00","twitter_card":"summary_large_image","twitter_misc":{"Timp estimat pentru citire":"1 minut"},"schema":{"@context":"https:\/\/schema.org","@graph":[{"@type":"WebPage","@id":"https:\/\/palackrzepice.pl\/tworcy\/","url":"https:\/\/palackrzepice.pl\/tworcy\/","name":"Tw\u00f3rcy - palackrzepice.pl","isPartOf":{"@id":"https:\/\/palackrzepice.pl\/#website"},"datePublished":"2025-02-25T07:24:27+00:00","dateModified":"2025-02-25T07:24:29+00:00","description":"Kim s\u0105 tw\u00f3rcy naszego bloga? Poznaj ekspert\u00f3w i mi\u0142o\u015bnik\u00f3w mody, kt\u00f3rzy inspiruj\u0105 i dziel\u0105 si\u0119 najnowszymi trendami!","breadcrumb":{"@id":"https:\/\/palackrzepice.pl\/tworcy\/#breadcrumb"},"inLanguage":"ro-RO","potentialAction":[{"@type":"ReadAction","target":["https:\/\/palackrzepice.pl\/tworcy\/"]}]},{"@type":"BreadcrumbList","@id":"https:\/\/palackrzepice.pl\/tworcy\/#breadcrumb","itemListElement":[{"@type":"ListItem","position":1,"name":"Home","item":"https:\/\/palackrzepice.pl\/"},{"@type":"ListItem","position":2,"name":"Tw\u00f3rcy"}]},{"@type":"WebSite","@id":"https:\/\/palackrzepice.pl\/#website","url":"https:\/\/palackrzepice.pl\/","name":"palackrzepice.pl","description":"Organizer na perfumy: porz\u0105dek i styl.","potentialAction":[{"@type":"SearchAction","target":{"@type":"EntryPoint","urlTemplate":"https:\/\/palackrzepice.pl\/?s={search_term_string}"},"query-input":"required name=search_term_string"}],"inLanguage":"ro-RO"}]}},"yoast_meta":{"yoast_wpseo_title":"","yoast_wpseo_metadesc":"","yoast_wpseo_canonical":"https:\/\/palackrzepice.pl\/ro\/wp-json\/wp\/v2\/pages\/467"},"_links":{"self":[{"href":"https:\/\/palackrzepice.pl\/ro\/wp-json\/wp\/v2\/pages\/467"}],"collection":[{"href":"https:\/\/palackrzepice.pl\/ro\/wp-json\/wp\/v2\/pages"}],"about":[{"href":"https:\/\/palackrzepice.pl\/ro\/wp-json\/wp\/v2\/types\/page"}],"author":[{"embeddable":true,"href":"https:\/\/palackrzepice.pl\/ro\/wp-json\/wp\/v2\/users\/1"}],"replies":[{"embeddable":true,"href":"https:\/\/palackrzepice.pl\/ro\/wp-json\/wp\/v2\/comments?post=467"}],"version-history":[{"count":1,"href":"https:\/\/palackrzepice.pl\/ro\/wp-json\/wp\/v2\/pages\/467\/revisions"}],"predecessor-version":[{"id":468,"href":"https:\/\/palackrzepice.pl\/ro\/wp-json\/wp\/v2\/pages\/467\/revisions\/468"}],"wp:attachment":[{"href":"https:\/\/palackrzepice.pl\/ro\/wp-json\/wp\/v2\/media?parent=467"}],"curies":[{"name":"wp","href":"https:\/\/api.w.org\/{rel}","templated":true}]}}